{"id":838,"date":"2024-02-09T15:30:35","date_gmt":"2024-02-09T18:30:35","guid":{"rendered":"http:\/\/73arena.com.br\/?page_id=838"},"modified":"2024-02-16T15:49:28","modified_gmt":"2024-02-16T18:49:28","slug":"treinamento-funcional","status":"publish","type":"page","link":"https:\/\/73arena.com.br\/index.php\/treinamento-funcional\/","title":{"rendered":"Treinamento Funcional"},"content":{"rendered":"\t\t<div data-elementor-type=\"wp-page\" data-elementor-id=\"838\" class=\"elementor elementor-838\" data-elementor-post-type=\"page\">\n\t\t\t\t<div class=\"elementor-element elementor-element-4454761 e-flex e-con-boxed e-con e-parent\" data-id=\"4454761\" data-element_type=\"container\" data-settings=\"{&quot;background_background&quot;:&quot;classic&quot;,&quot;content_width&quot;:&quot;boxed&quot;}\" data-core-v316-plus=\"true\">\n\t\t\t\t\t<div class=\"e-con-inner\">\n\t\t<div class=\"elementor-element elementor-element-897ba62 e-flex e-con-boxed e-con e-child\" data-id=\"897ba62\" data-element_type=\"container\" data-settings=\"{&quot;content_width&quot;:&quot;boxed&quot;}\">\n\t\t\t\t\t<div class=\"e-con-inner\">\n\t\t\t\t<div class=\"elementor-element elementor-element-a9d6e4c elementor-hidden-tablet elementor-hidden-mobile elementor-widget elementor-widget-image\" data-id=\"a9d6e4c\" data-element_type=\"widget\" data-widget_type=\"image.default\">\n\t\t\t\t<div class=\"elementor-widget-container\">\n\t\t\t<style>\/*! elementor - v3.19.0 - 07-02-2024 *\/\n.elementor-widget-image{text-align:center}.elementor-widget-image a{display:inline-block}.elementor-widget-image a img[src$=\".svg\"]{width:48px}.elementor-widget-image img{vertical-align:middle;display:inline-block}<\/style>\t\t\t\t\t\t\t\t\t\t<img decoding=\"async\" src=\"https:\/\/73arena.com.br\/wp-content\/uploads\/elementor\/thumbs\/taticas-de-bola-de-futebol-no-campo-de-grama-com-cone-para-treinar-habilidades-de-corrida-de-criancas-na-academia-de-futebol-1-qjkgcdhtkckhlh0xvu9zl9rbayx6leqr5ongmrow1k.png\" title=\"taticas-de-bola-de-futebol-no-campo-de-grama-com-cone-para-treinar-habilidades-de-corrida-de-criancas-na-academia-de-futebol 1\" alt=\"taticas-de-bola-de-futebol-no-campo-de-grama-com-cone-para-treinar-habilidades-de-corrida-de-criancas-na-academia-de-futebol 1\" loading=\"lazy\" \/>\t\t\t\t\t\t\t\t\t\t\t\t\t<\/div>\n\t\t\t\t<\/div>\n\t\t\t\t<div class=\"elementor-element elementor-element-81be3b4 elementor-hidden-desktop elementor-widget elementor-widget-image\" data-id=\"81be3b4\" data-element_type=\"widget\" data-widget_type=\"image.default\">\n\t\t\t\t<div class=\"elementor-widget-container\">\n\t\t\t\t\t\t\t\t\t\t\t\t\t<img decoding=\"async\" src=\"https:\/\/73arena.com.br\/wp-content\/uploads\/elementor\/thumbs\/taticas-de-bola-de-futebol-no-campo-de-grama-com-cone-para-treinar-habilidades-de-corrida-de-criancas-na-academia-de-futebol-1-qjkgcdhq6fj7bf55t9gxprrv7yt94bt203hvxo5t5o.png\" title=\"taticas-de-bola-de-futebol-no-campo-de-grama-com-cone-para-treinar-habilidades-de-corrida-de-criancas-na-academia-de-futebol 1\" alt=\"taticas-de-bola-de-futebol-no-campo-de-grama-com-cone-para-treinar-habilidades-de-corrida-de-criancas-na-academia-de-futebol 1\" loading=\"lazy\" \/>\t\t\t\t\t\t\t\t\t\t\t\t\t<\/div>\n\t\t\t\t<\/div>\n\t\t\t\t<div class=\"elementor-element elementor-element-62c3509 elementor-widget__width-initial elementor-hidden-desktop elementor-widget elementor-widget-button\" data-id=\"62c3509\" data-element_type=\"widget\" data-widget_type=\"button.default\">\n\t\t\t\t<div class=\"elementor-widget-container\">\n\t\t\t\t\t<div class=\"elementor-button-wrapper\">\n\t\t\t<a class=\"elementor-button elementor-button-link elementor-size-md\" href=\"https:\/\/73arena.com.br\/#servicos\">\n\t\t\t\t\t\t<span class=\"elementor-button-content-wrapper\">\n\t\t\t\t\t\t<span class=\"elementor-button-text\">Voltar<\/span>\n\t\t<\/span>\n\t\t\t\t\t<\/a>\n\t\t<\/div>\n\t\t\t\t<\/div>\n\t\t\t\t<\/div>\n\t\t\t\t\t<\/div>\n\t\t\t\t<\/div>\n\t\t<div class=\"elementor-element elementor-element-95ee5ee e-flex e-con-boxed e-con e-child\" data-id=\"95ee5ee\" data-element_type=\"container\" data-settings=\"{&quot;background_background&quot;:&quot;classic&quot;,&quot;content_width&quot;:&quot;boxed&quot;}\">\n\t\t\t\t\t<div class=\"e-con-inner\">\n\t\t\t\t<div class=\"elementor-element elementor-element-414f136 elementor-widget elementor-widget-heading\" data-id=\"414f136\" data-element_type=\"widget\" data-widget_type=\"heading.default\">\n\t\t\t\t<div class=\"elementor-widget-container\">\n\t\t\t<style>\/*! elementor - v3.19.0 - 07-02-2024 *\/\n.elementor-heading-title{padding:0;margin:0;line-height:1}.elementor-widget-heading .elementor-heading-title[class*=elementor-size-]>a{color:inherit;font-size:inherit;line-height:inherit}.elementor-widget-heading .elementor-heading-title.elementor-size-small{font-size:15px}.elementor-widget-heading .elementor-heading-title.elementor-size-medium{font-size:19px}.elementor-widget-heading .elementor-heading-title.elementor-size-large{font-size:29px}.elementor-widget-heading .elementor-heading-title.elementor-size-xl{font-size:39px}.elementor-widget-heading .elementor-heading-title.elementor-size-xxl{font-size:59px}<\/style><h2 class=\"elementor-heading-title elementor-size-default\">Treinamento Funcional<\/h2>\t\t<\/div>\n\t\t\t\t<\/div>\n\t\t\t\t<div class=\"elementor-element elementor-element-3b3f17d elementor-widget__width-initial elementor-widget elementor-widget-text-editor\" data-id=\"3b3f17d\" data-element_type=\"widget\" data-widget_type=\"text-editor.default\">\n\t\t\t\t<div class=\"elementor-widget-container\">\n\t\t\t<style>\/*! elementor - v3.19.0 - 07-02-2024 *\/\n.elementor-widget-text-editor.elementor-drop-cap-view-stacked .elementor-drop-cap{background-color:#69727d;color:#fff}.elementor-widget-text-editor.elementor-drop-cap-view-framed .elementor-drop-cap{color:#69727d;border:3px solid;background-color:transparent}.elementor-widget-text-editor:not(.elementor-drop-cap-view-default) .elementor-drop-cap{margin-top:8px}.elementor-widget-text-editor:not(.elementor-drop-cap-view-default) .elementor-drop-cap-letter{width:1em;height:1em}.elementor-widget-text-editor .elementor-drop-cap{float:left;text-align:center;line-height:1;font-size:50px}.elementor-widget-text-editor .elementor-drop-cap-letter{display:inline-block}<\/style>\t\t\t\t<p>O servi\u00e7o de Treinamento Funcional \u00e9 uma parceria que temos com educadores f\u00edsicos, onde podem utilizar uma abordagem de treinamento f\u00edsico projetada para atender \u00e0s demandas espec\u00edficas do futebol ou somente para treinamento funcional.<\/p>\t\t\t\t\t\t<\/div>\n\t\t\t\t<\/div>\n\t\t\t\t<div class=\"elementor-element elementor-element-3cd66c8 elementor-widget__width-initial elementor-hidden-tablet elementor-hidden-mobile elementor-widget elementor-widget-button\" data-id=\"3cd66c8\" data-element_type=\"widget\" data-widget_type=\"button.default\">\n\t\t\t\t<div class=\"elementor-widget-container\">\n\t\t\t\t\t<div class=\"elementor-button-wrapper\">\n\t\t\t<a class=\"elementor-button elementor-button-link elementor-size-md\" href=\"https:\/\/73arena.com.br\/#servicos\">\n\t\t\t\t\t\t<span class=\"elementor-button-content-wrapper\">\n\t\t\t\t\t\t<span class=\"elementor-button-text\">Voltar<\/span>\n\t\t<\/span>\n\t\t\t\t\t<\/a>\n\t\t<\/div>\n\t\t\t\t<\/div>\n\t\t\t\t<\/div>\n\t\t\t\t\t<\/div>\n\t\t\t\t<\/div>\n\t\t\t\t\t<\/div>\n\t\t\t\t<\/div>\n\t\t\t\t<\/div>\n\t\t","protected":false},"excerpt":{"rendered":"<p>Voltar Treinamento Funcional O servi\u00e7o de Treinamento Funcional \u00e9 uma parceria que temos com educadores f\u00edsicos, onde podem utilizar uma abordagem de treinamento f\u00edsico projetada para atender \u00e0s demandas espec\u00edficas do futebol ou somente para treinamento funcional. Voltar<\/p>\n","protected":false},"author":1,"featured_media":0,"parent":0,"menu_order":0,"comment_status":"closed","ping_status":"closed","template":"elementor_canvas","meta":{"footnotes":"","_joinchat":[]},"_links":{"self":[{"href":"https:\/\/73arena.com.br\/index.php\/wp-json\/wp\/v2\/pages\/838"}],"collection":[{"href":"https:\/\/73arena.com.br\/index.php\/wp-json\/wp\/v2\/pages"}],"about":[{"href":"https:\/\/73arena.com.br\/index.php\/wp-json\/wp\/v2\/types\/page"}],"author":[{"embeddable":true,"href":"https:\/\/73arena.com.br\/index.php\/wp-json\/wp\/v2\/users\/1"}],"replies":[{"embeddable":true,"href":"https:\/\/73arena.com.br\/index.php\/wp-json\/wp\/v2\/comments?post=838"}],"version-history":[{"count":31,"href":"https:\/\/73arena.com.br\/index.php\/wp-json\/wp\/v2\/pages\/838\/revisions"}],"predecessor-version":[{"id":1376,"href":"https:\/\/73arena.com.br\/index.php\/wp-json\/wp\/v2\/pages\/838\/revisions\/1376"}],"wp:attachment":[{"href":"https:\/\/73arena.com.br\/index.php\/wp-json\/wp\/v2\/media?parent=838"}],"curies":[{"name":"wp","href":"https:\/\/api.w.org\/{rel}","templated":true}]}}